{"id":44,"date":"2026-02-02T15:04:36","date_gmt":"2026-02-02T14:04:36","guid":{"rendered":"https:\/\/carpodromelespresdelabby.fr\/?page_id=44"},"modified":"2026-02-02T15:45:00","modified_gmt":"2026-02-02T14:45:00","slug":"accueil","status":"publish","type":"page","link":"https:\/\/carpodromelespresdelabby.fr\/","title":{"rendered":"Accueil"},"content":{"rendered":"\n<div class=\"wp-block-cover\"><img loading=\"lazy\" decoding=\"async\" width=\"1024\" height=\"485\" class=\"wp-block-cover__image-background wp-image-56\" alt=\"\" src=\"https:\/\/carpodromelespresdelabby.fr\/wp-content\/uploads\/2026\/02\/pris-fbb-1024x485.jpg\" data-object-fit=\"cover\" srcset=\"https:\/\/carpodromelespresdelabby.fr\/wp-content\/uploads\/2026\/02\/pris-fbb-1024x485.jpg 1024w, https:\/\/carpodromelespresdelabby.fr\/wp-content\/uploads\/2026\/02\/pris-fbb-300x142.jpg 300w, https:\/\/carpodromelespresdelabby.fr\/wp-content\/uploads\/2026\/02\/pris-fbb-768x364.jpg 768w, https:\/\/carpodromelespresdelabby.fr\/wp-content\/uploads\/2026\/02\/pris-fbb.jpg 1352w\" sizes=\"auto, (max-width: 1024px) 100vw, 1024px\" \/><span aria-hidden=\"true\" class=\"wp-block-cover__background has-background-dim\"><\/span><div class=\"wp-block-cover__inner-container is-layout-flow wp-block-cover-is-layout-flow\">\n<h1 class=\"wp-block-heading has-text-align-center has-large-font-size\">Carpodrome: Domaine les pr\u00e9s de l&rsquo;Abby<\/h1>\n<\/div><\/div>\n\n\n\n<p>Bienvenue au <strong>Carpodrome: Domaine les pr\u00e9s de l\u2019Abby<\/strong>, un \u00e9tang de p\u00eache d\u00e9di\u00e9 \u00e0 la p\u00eache de la carpe et des esturgeons, dans un esprit <br><strong>no-kill<\/strong>, de respect du poisson et de la nature.<\/p>\n\n\n\n<p>Le site est ouvert le week-end, pour des sessions p\u00eache plaisir, dans un cadre calme et naturel, id\u00e9al pour les passionn\u00e9s comme pour les p\u00eacheurs en qu\u00eate de d\u00e9tente.<\/p>\n\n\n\n<div class=\"wp-block-columns is-layout-flex wp-container-core-columns-is-layout-9d6595d7 wp-block-columns-is-layout-flex\">\n<div class=\"wp-block-column is-layout-flow wp-block-column-is-layout-flow\">\n<div class=\"wp-block-cover\"><img loading=\"lazy\" decoding=\"async\" width=\"655\" height=\"1024\" class=\"wp-block-cover__image-background wp-image-61\" alt=\"\" src=\"http:\/\/carpodromelespresdelabby.fr\/wp-content\/uploads\/2026\/02\/photo-pris-sur-fb-655x1024.jpg\" data-object-fit=\"cover\" srcset=\"https:\/\/carpodromelespresdelabby.fr\/wp-content\/uploads\/2026\/02\/photo-pris-sur-fb-655x1024.jpg 655w, https:\/\/carpodromelespresdelabby.fr\/wp-content\/uploads\/2026\/02\/photo-pris-sur-fb-192x300.jpg 192w, https:\/\/carpodromelespresdelabby.fr\/wp-content\/uploads\/2026\/02\/photo-pris-sur-fb-768x1201.jpg 768w, https:\/\/carpodromelespresdelabby.fr\/wp-content\/uploads\/2026\/02\/photo-pris-sur-fb-983x1536.jpg 983w, https:\/\/carpodromelespresdelabby.fr\/wp-content\/uploads\/2026\/02\/photo-pris-sur-fb.jpg 1310w\" sizes=\"auto, (max-width: 655px) 100vw, 655px\" \/><span aria-hidden=\"true\" class=\"wp-block-cover__background has-background-dim\"><\/span><div class=\"wp-block-cover__inner-container is-layout-flow wp-block-cover-is-layout-flow\">\n<p class=\"has-text-align-center has-large-font-size\">Esturgeon<\/p>\n<\/div><\/div>\n<\/div>\n\n\n\n<div class=\"wp-block-column is-vertically-aligned-center is-layout-flow wp-block-column-is-layout-flow\">\n<div class=\"wp-block-cover\"><img loading=\"lazy\" decoding=\"async\" width=\"841\" height=\"960\" class=\"wp-block-cover__image-background wp-image-63\" alt=\"\" src=\"https:\/\/carpodromelespresdelabby.fr\/wp-content\/uploads\/2026\/02\/BBBB.jpg\" data-object-fit=\"cover\" srcset=\"https:\/\/carpodromelespresdelabby.fr\/wp-content\/uploads\/2026\/02\/BBBB.jpg 841w, https:\/\/carpodromelespresdelabby.fr\/wp-content\/uploads\/2026\/02\/BBBB-263x300.jpg 263w, https:\/\/carpodromelespresdelabby.fr\/wp-content\/uploads\/2026\/02\/BBBB-768x877.jpg 768w\" sizes=\"auto, (max-width: 841px) 100vw, 841px\" \/><span aria-hidden=\"true\" class=\"wp-block-cover__background has-background-dim\"><\/span><div class=\"wp-block-cover__inner-container is-layout-flow wp-block-cover-is-layout-flow\">\n<p class=\"has-text-align-center has-large-font-size\">Carpe Ko\u00ef<\/p>\n<\/div><\/div>\n<\/div>\n\n\n\n<div class=\"wp-block-column is-vertically-aligned-center is-layout-flow wp-block-column-is-layout-flow\">\n<div class=\"wp-block-cover\"><img loading=\"lazy\" decoding=\"async\" width=\"960\" height=\"640\" class=\"wp-block-cover__image-background wp-image-64\" alt=\"\" src=\"https:\/\/carpodromelespresdelabby.fr\/wp-content\/uploads\/2026\/02\/fbbb-1.jpg\" data-object-fit=\"cover\" srcset=\"https:\/\/carpodromelespresdelabby.fr\/wp-content\/uploads\/2026\/02\/fbbb-1.jpg 960w, https:\/\/carpodromelespresdelabby.fr\/wp-content\/uploads\/2026\/02\/fbbb-1-300x200.jpg 300w, https:\/\/carpodromelespresdelabby.fr\/wp-content\/uploads\/2026\/02\/fbbb-1-768x512.jpg 768w, https:\/\/carpodromelespresdelabby.fr\/wp-content\/uploads\/2026\/02\/fbbb-1-930x620.jpg 930w\" sizes=\"auto, (max-width: 960px) 100vw, 960px\" \/><span aria-hidden=\"true\" class=\"wp-block-cover__background has-background-dim\"><\/span><div class=\"wp-block-cover__inner-container is-layout-flow wp-block-cover-is-layout-flow\">\n<p class=\"has-text-align-center has-large-font-size\">Carpe<\/p>\n<\/div><\/div>\n<\/div>\n<\/div>\n\n\n\n<h2 class=\"wp-block-heading\">Infos pratiques<\/h2>\n\n\n\n<p>\ud83d\udccd Acc\u00e8s facile \u2013 cadre naturel<br>\ud83d\udd52 Ouvert le week-end<br>\ud83c\udfa3 P\u00eache no-kill uniquement<br>\ud83d\udcde Contact : (tu mettras le tel plus tard)<\/p>\n","protected":false},"excerpt":{"rendered":"<p>Bienvenue au Carpodrome: Domaine les pr\u00e9s de l\u2019Abby, un \u00e9tang de p\u00eache d\u00e9di\u00e9 \u00e0 la p\u00eache de la carpe et des esturgeons, dans un esprit no-kill, de respect du poisson et de la nature. Le site est ouvert le week-end, pour des sessions p\u00eache plaisir, dans un cadre calme et naturel, id\u00e9al pour les passionn\u00e9s&hellip;&nbsp;<a href=\"https:\/\/carpodromelespresdelabby.fr\/\" rel=\"bookmark\"><span class=\"screen-reader-text\">Accueil<\/span><\/a><\/p>\n","protected":false},"author":1,"featured_media":0,"parent":0,"menu_order":0,"comment_status":"closed","ping_status":"closed","template":"","meta":{"neve_meta_sidebar":"","neve_meta_container":"","neve_meta_enable_content_width":"","neve_meta_content_width":0,"neve_meta_title_alignment":"","neve_meta_author_avatar":"","neve_post_elements_order":"","neve_meta_disable_header":"","neve_meta_disable_footer":"","neve_meta_disable_title":"on","footnotes":""},"class_list":["post-44","page","type-page","status-publish","hentry"],"_links":{"self":[{"href":"https:\/\/carpodromelespresdelabby.fr\/index.php\/wp-json\/wp\/v2\/pages\/44","targetHints":{"allow":["GET"]}}],"collection":[{"href":"https:\/\/carpodromelespresdelabby.fr\/index.php\/wp-json\/wp\/v2\/pages"}],"about":[{"href":"https:\/\/carpodromelespresdelabby.fr\/index.php\/wp-json\/wp\/v2\/types\/page"}],"author":[{"embeddable":true,"href":"https:\/\/carpodromelespresdelabby.fr\/index.php\/wp-json\/wp\/v2\/users\/1"}],"replies":[{"embeddable":true,"href":"https:\/\/carpodromelespresdelabby.fr\/index.php\/wp-json\/wp\/v2\/comments?post=44"}],"version-history":[{"count":6,"href":"https:\/\/carpodromelespresdelabby.fr\/index.php\/wp-json\/wp\/v2\/pages\/44\/revisions"}],"predecessor-version":[{"id":71,"href":"https:\/\/carpodromelespresdelabby.fr\/index.php\/wp-json\/wp\/v2\/pages\/44\/revisions\/71"}],"wp:attachment":[{"href":"https:\/\/carpodromelespresdelabby.fr\/index.php\/wp-json\/wp\/v2\/media?parent=44"}],"curies":[{"name":"wp","href":"https:\/\/api.w.org\/{rel}","templated":true}]}}