{"id":50,"date":"2026-02-02T15:07:39","date_gmt":"2026-02-02T14:07:39","guid":{"rendered":"https:\/\/carpodromelespresdelabby.fr\/?page_id=50"},"modified":"2026-02-02T17:11:58","modified_gmt":"2026-02-02T16:11:58","slug":"contact","status":"publish","type":"page","link":"https:\/\/carpodromelespresdelabby.fr\/index.php\/contact\/","title":{"rendered":"Contact"},"content":{"rendered":"\n<h1 class=\"wp-block-heading\">Comment faire une r\u00e9servation au Carpodrome: Domaine les pr\u00e9s de l&rsquo;Abby <\/h1>\n\n\n\n<p><\/p>\n\n\n\n<p>Pour garantir votre place au <strong>Carpodrome les Pr\u00e9s de l\u2019Abby<\/strong>, la r\u00e9servation est <strong>obligatoire<\/strong> avant toute session de p\u00eache.<br>La r\u00e9servation est simple et rapide, plusieurs solutions s\u2019offrent \u00e0 vous :<\/p>\n\n\n\n<p><\/p>\n\n\n\n<h4 class=\"wp-block-heading\">\ud83d\udce9 <strong>Par message Facebook (Messenger)<\/strong><\/h4>\n\n\n\n<p>Contactez-nous directement via la page Facebook officielle du carpodrome.<br>\ud83d\udc49 Indiquez vos <strong>dates souhait\u00e9es<\/strong>, le <strong>nombre de p\u00eacheurs<\/strong> et le <strong>type de session<\/strong> (demi-journ\u00e9e \/ journ\u00e9e \/ 24h \/ 48h).<\/p>\n\n\n\n<div class=\"wp-block-buttons is-layout-flex wp-block-buttons-is-layout-flex\">\n<div class=\"wp-block-button\"><a class=\"wp-block-button__link wp-element-button\" href=\"https:\/\/www.facebook.com\/carpodromelespresdelabby\">Page Facebook: Carpodrome: Domaine les pr\u00e9s de l&rsquo;Abby<\/a><\/div>\n<\/div>\n\n\n\n<h4 class=\"wp-block-heading\">\ud83d\udce7 <strong>Par e-mail<\/strong> ( lespresdelabby@gmail.com )<\/h4>\n\n\n\n<p>Envoyez-nous votre demande par mail avec les m\u00eames informations :<\/p>\n\n\n\n<ul class=\"wp-block-list\">\n<li>Nom et pr\u00e9nom<\/li>\n\n\n\n<li>Date(s) de p\u00eache<\/li>\n\n\n\n<li>Nombre de p\u00eacheurs<\/li>\n\n\n\n<li>Type de session<br>Nous vous r\u00e9pondrons rapidement pour confirmer la disponibilit\u00e9.<\/li>\n<\/ul>\n\n\n\n<h4 class=\"wp-block-heading\">\ud83d\udcdd <strong>Via le formulaire ci-dessous<\/strong><\/h4>\n\n\n\n<p>Remplissez simplement le formulaire de r\u00e9servation sur cette page, puis cliquez sur <strong>\u00ab Envoyer \u00bb<\/strong>.<br>Votre demande sera trait\u00e9e dans les plus brefs d\u00e9lais et une confirmation vous sera envoy\u00e9e.<\/p>\n\n\n<style id=\"wpforms-css-vars-77-block-55c2451b-b65e-44ab-996b-3795c76aaa3f\">\n\t\t\t\t#wpforms-77.wpforms-block-55c2451b-b65e-44ab-996b-3795c76aaa3f {\n\t\t\t\t--wpforms-field-size-input-height: 43px;\n--wpforms-field-size-input-spacing: 15px;\n--wpforms-field-size-font-size: 16px;\n--wpforms-field-size-line-height: 19px;\n--wpforms-field-size-padding-h: 14px;\n--wpforms-field-size-checkbox-size: 16px;\n--wpforms-field-size-sublabel-spacing: 5px;\n--wpforms-field-size-icon-size: 1;\n--wpforms-label-size-font-size: 16px;\n--wpforms-label-size-line-height: 19px;\n--wpforms-label-size-sublabel-font-size: 14px;\n--wpforms-label-size-sublabel-line-height: 17px;\n--wpforms-button-size-font-size: 17px;\n--wpforms-button-size-height: 41px;\n--wpforms-button-size-padding-h: 15px;\n--wpforms-button-size-margin-top: 10px;\n\t\t\t}\n\t\t\t<\/style><div class=\"wpforms-container wpforms-container-full wpforms-block wpforms-block-55c2451b-b65e-44ab-996b-3795c76aaa3f wpforms-render-modern\" id=\"wpforms-77\"><form id=\"wpforms-form-77\" class=\"wpforms-validate wpforms-form wpforms-ajax-form\" data-formid=\"77\" method=\"post\" enctype=\"multipart\/form-data\" action=\"\/index.php\/wp-json\/wp\/v2\/pages\/50\" data-token=\"d23b1b5c5e88f2d90f9737c80d456d16\" data-token-time=\"1775978490\"><noscript class=\"wpforms-error-noscript\">Veuillez activer JavaScript dans votre navigateur pour remplir ce formulaire.<\/noscript><div id=\"wpforms-error-noscript\" style=\"display: none;\">Veuillez activer JavaScript dans votre navigateur pour remplir ce formulaire.<\/div><div class=\"wpforms-field-container\"><div id=\"wpforms-77-field_1-container\" class=\"wpforms-field wpforms-field-name\" data-field-id=\"1\"><fieldset><legend class=\"wpforms-field-label\">Nom <span class=\"wpforms-required-label\" aria-hidden=\"true\">*<\/span><\/legend><div class=\"wpforms-field-row wpforms-field-medium\"><div class=\"wpforms-field-row-block wpforms-first wpforms-one-half\"><input type=\"text\" id=\"wpforms-77-field_1\" class=\"wpforms-field-name-first wpforms-field-required\" name=\"wpforms[fields][1][first]\" aria-errormessage=\"wpforms-77-field_1-error\" required><label for=\"wpforms-77-field_1\" class=\"wpforms-field-sublabel after\">Pr\u00e9nom<\/label><\/div><div class=\"wpforms-field-row-block wpforms-one-half\"><input type=\"text\" id=\"wpforms-77-field_1-last\" class=\"wpforms-field-name-last wpforms-field-required\" name=\"wpforms[fields][1][last]\" aria-errormessage=\"wpforms-77-field_1-last-error\" required><label for=\"wpforms-77-field_1-last\" class=\"wpforms-field-sublabel after\">Nom<\/label><\/div><\/div><\/fieldset><\/div><div id=\"wpforms-77-field_2-container\" class=\"wpforms-field wpforms-field-email\" data-field-id=\"2\"><label class=\"wpforms-field-label\" for=\"wpforms-77-field_2\">E-mail <span class=\"wpforms-required-label\" aria-hidden=\"true\">*<\/span><\/label><input type=\"email\" id=\"wpforms-77-field_2\" class=\"wpforms-field-medium wpforms-field-required\" name=\"wpforms[fields][2]\" spellcheck=\"false\" aria-errormessage=\"wpforms-77-field_2-error\" required><\/div><div id=\"wpforms-77-field_7-container\" class=\"wpforms-field wpforms-field-number-slider\" data-field-id=\"7\"><label class=\"wpforms-field-label\" for=\"wpforms-77-field_7\">Nombres de p\u00eacheur(s)<\/label>\n<input\n\ttype=\"range\"\n\tid=\"wpforms-77-field_7\" class=\"wpforms-field-medium\" name=\"wpforms[fields][7]\" value=\"1\" aria-errormessage=\"wpforms-77-field_7-error\"\t\tmin=\"1\"\n\tmax=\"20\"\n\tstep=\"1\">\n\n<div class=\"wpforms-field-number-slider-hint\"\n\tdata-hint=\"Valeur s\u00e9lectionn\u00e9e\u00a0: {value}\">\n\tValeur s\u00e9lectionn\u00e9e\u00a0: <b>1<\/b><\/div>\n<\/div>\t\t<div id=\"wpforms-77-field_3-container\"\n\t\t\tclass=\"wpforms-field wpforms-field-text\"\n\t\t\tdata-field-type=\"text\"\n\t\t\tdata-field-id=\"3\"\n\t\t\t>\n\t\t\t<label class=\"wpforms-field-label\" for=\"wpforms-77-field_3\" >souhaiter p\u00eache Nombres<\/label>\n\t\t\t<input type=\"text\" id=\"wpforms-77-field_3\" class=\"wpforms-field-medium\" name=\"wpforms[fields][3]\" >\n\t\t<\/div>\n\t\t<div id=\"wpforms-77-field_6-container\" class=\"wpforms-field wpforms-field-checkbox wpforms-list-inline\" data-field-id=\"6\"><fieldset><legend class=\"wpforms-field-label\">Nombre de p\u00eacheur(s)<\/legend><ul id=\"wpforms-77-field_6\" data-choice-limit=\"1\"><li class=\"choice-1 depth-1\"><input type=\"checkbox\" id=\"wpforms-77-field_6_1\" data-rule-check-limit=\"true\" name=\"wpforms[fields][6][]\" value=\"1\" aria-errormessage=\"wpforms-77-field_6_1-error\"  ><label class=\"wpforms-field-label-inline\" for=\"wpforms-77-field_6_1\">1<\/label><\/li><li class=\"choice-2 depth-1\"><input type=\"checkbox\" id=\"wpforms-77-field_6_2\" data-rule-check-limit=\"true\" name=\"wpforms[fields][6][]\" value=\"2\" aria-errormessage=\"wpforms-77-field_6_2-error\"  ><label class=\"wpforms-field-label-inline\" for=\"wpforms-77-field_6_2\">2<\/label><\/li><li class=\"choice-3 depth-1\"><input type=\"checkbox\" id=\"wpforms-77-field_6_3\" data-rule-check-limit=\"true\" name=\"wpforms[fields][6][]\" value=\"3\" aria-errormessage=\"wpforms-77-field_6_3-error\"  ><label class=\"wpforms-field-label-inline\" for=\"wpforms-77-field_6_3\">3<\/label><\/li><li class=\"choice-4 depth-1\"><input type=\"checkbox\" id=\"wpforms-77-field_6_4\" data-rule-check-limit=\"true\" name=\"wpforms[fields][6][]\" value=\"4\" aria-errormessage=\"wpforms-77-field_6_4-error\"  ><label class=\"wpforms-field-label-inline\" for=\"wpforms-77-field_6_4\">4<\/label><\/li><li class=\"choice-5 depth-1\"><input type=\"checkbox\" id=\"wpforms-77-field_6_5\" data-rule-check-limit=\"true\" name=\"wpforms[fields][6][]\" value=\"5\" aria-errormessage=\"wpforms-77-field_6_5-error\"  ><label class=\"wpforms-field-label-inline\" for=\"wpforms-77-field_6_5\">5<\/label><\/li><li class=\"choice-6 depth-1\"><input type=\"checkbox\" id=\"wpforms-77-field_6_6\" data-rule-check-limit=\"true\" name=\"wpforms[fields][6][]\" value=\"6\" aria-errormessage=\"wpforms-77-field_6_6-error\"  ><label class=\"wpforms-field-label-inline\" for=\"wpforms-77-field_6_6\">6<\/label><\/li><li class=\"choice-7 depth-1\"><input type=\"checkbox\" id=\"wpforms-77-field_6_7\" data-rule-check-limit=\"true\" name=\"wpforms[fields][6][]\" value=\"+\" aria-errormessage=\"wpforms-77-field_6_7-error\"  ><label class=\"wpforms-field-label-inline\" for=\"wpforms-77-field_6_7\">+<\/label><\/li><\/ul><\/fieldset><\/div><div id=\"wpforms-77-field_5-container\" class=\"wpforms-field wpforms-field-checkbox wpforms-list-inline\" data-field-id=\"5\"><fieldset><legend class=\"wpforms-field-label\">Dur\u00e9e de p\u00eache souhaiter<\/legend><ul id=\"wpforms-77-field_5\" data-choice-limit=\"1\"><li class=\"choice-1 depth-1\"><input type=\"checkbox\" id=\"wpforms-77-field_5_1\" data-rule-check-limit=\"true\" name=\"wpforms[fields][5][]\" value=\"Demi-journ\u00e9e\" aria-errormessage=\"wpforms-77-field_5_1-error\"  ><label class=\"wpforms-field-label-inline\" for=\"wpforms-77-field_5_1\">Demi-journ\u00e9e<\/label><\/li><li class=\"choice-2 depth-1\"><input type=\"checkbox\" id=\"wpforms-77-field_5_2\" data-rule-check-limit=\"true\" name=\"wpforms[fields][5][]\" value=\"Journ\u00e9e\" aria-errormessage=\"wpforms-77-field_5_2-error\"  ><label class=\"wpforms-field-label-inline\" for=\"wpforms-77-field_5_2\">Journ\u00e9e<\/label><\/li><li class=\"choice-3 depth-1\"><input type=\"checkbox\" id=\"wpforms-77-field_5_3\" data-rule-check-limit=\"true\" name=\"wpforms[fields][5][]\" value=\"24 heures\" aria-errormessage=\"wpforms-77-field_5_3-error\"  ><label class=\"wpforms-field-label-inline\" for=\"wpforms-77-field_5_3\">24 heures<\/label><\/li><li class=\"choice-4 depth-1\"><input type=\"checkbox\" id=\"wpforms-77-field_5_4\" data-rule-check-limit=\"true\" name=\"wpforms[fields][5][]\" value=\"48 heures\" aria-errormessage=\"wpforms-77-field_5_4-error\"  ><label class=\"wpforms-field-label-inline\" for=\"wpforms-77-field_5_4\">48 heures<\/label><\/li><\/ul><\/fieldset><\/div><div id=\"wpforms-77-field_4-container\" class=\"wpforms-field wpforms-field-textarea\" data-field-id=\"4\"><label class=\"wpforms-field-label\" for=\"wpforms-77-field_4\">Texte en paragraphe<\/label><textarea id=\"wpforms-77-field_4\" class=\"wpforms-field-medium\" name=\"wpforms[fields][4]\" aria-errormessage=\"wpforms-77-field_4-error\" ><\/textarea><\/div><script>\n\t\t\t\t( function() {\n\t\t\t\t\tconst style = document.createElement( 'style' );\n\t\t\t\t\tstyle.appendChild( document.createTextNode( '#wpforms-77-field_3-container { position: absolute !important; overflow: hidden !important; display: inline !important; height: 1px !important; width: 1px !important; z-index: -1000 !important; padding: 0 !important; } #wpforms-77-field_3-container input { visibility: hidden; } #wpforms-conversational-form-page #wpforms-77-field_3-container label { counter-increment: none; }' ) );\n\t\t\t\t\tdocument.head.appendChild( style );\n\t\t\t\t\tdocument.currentScript?.remove();\n\t\t\t\t} )();\n\t\t\t<\/script><\/div><!-- .wpforms-field-container --><div class=\"wpforms-submit-container\" ><input type=\"hidden\" name=\"wpforms[id]\" value=\"77\"><input type=\"hidden\" name=\"page_title\" value=\"\"><input type=\"hidden\" name=\"page_url\" value=\"https:\/\/carpodromelespresdelabby.fr\/index.php\/wp-json\/wp\/v2\/pages\/50\"><input type=\"hidden\" name=\"url_referer\" value=\"\"><button type=\"submit\" name=\"wpforms[submit]\" id=\"wpforms-submit-77\" class=\"wpforms-submit\" data-alt-text=\"Envoi...\" data-submit-text=\"Envoyer\" aria-live=\"assertive\" value=\"wpforms-submit\">Envoyer<\/button><img loading=\"lazy\" decoding=\"async\" src=\"https:\/\/carpodromelespresdelabby.fr\/wp-content\/plugins\/wpforms-lite\/assets\/images\/submit-spin.svg\" class=\"wpforms-submit-spinner\" style=\"display: none;\" width=\"26\" height=\"26\" alt=\"Chargement en cours\"><\/div><\/form><\/div>  <!-- .wpforms-container -->","protected":false},"excerpt":{"rendered":"<p>Comment faire une r\u00e9servation au Carpodrome: Domaine les pr\u00e9s de l&rsquo;Abby Pour garantir votre place au Carpodrome les Pr\u00e9s de l\u2019Abby, la r\u00e9servation est obligatoire avant toute session de p\u00eache.La r\u00e9servation est simple et rapide, plusieurs solutions s\u2019offrent \u00e0 vous : \ud83d\udce9 Par message Facebook (Messenger) Contactez-nous directement via la page Facebook officielle du carpodrome.\ud83d\udc49&hellip;&nbsp;<a href=\"https:\/\/carpodromelespresdelabby.fr\/index.php\/contact\/\" rel=\"bookmark\"><span class=\"screen-reader-text\">Contact<\/span><\/a><\/p>\n","protected":false},"author":1,"featured_media":0,"parent":0,"menu_order":0,"comment_status":"closed","ping_status":"closed","template":"","meta":{"neve_meta_sidebar":"","neve_meta_container":"","neve_meta_enable_content_width":"","neve_meta_content_width":0,"neve_meta_title_alignment":"","neve_meta_author_avatar":"","neve_post_elements_order":"","neve_meta_disable_header":"","neve_meta_disable_footer":"","neve_meta_disable_title":"","footnotes":""},"class_list":["post-50","page","type-page","status-publish","hentry"],"_links":{"self":[{"href":"https:\/\/carpodromelespresdelabby.fr\/index.php\/wp-json\/wp\/v2\/pages\/50","targetHints":{"allow":["GET"]}}],"collection":[{"href":"https:\/\/carpodromelespresdelabby.fr\/index.php\/wp-json\/wp\/v2\/pages"}],"about":[{"href":"https:\/\/carpodromelespresdelabby.fr\/index.php\/wp-json\/wp\/v2\/types\/page"}],"author":[{"embeddable":true,"href":"https:\/\/carpodromelespresdelabby.fr\/index.php\/wp-json\/wp\/v2\/users\/1"}],"replies":[{"embeddable":true,"href":"https:\/\/carpodromelespresdelabby.fr\/index.php\/wp-json\/wp\/v2\/comments?post=50"}],"version-history":[{"count":3,"href":"https:\/\/carpodromelespresdelabby.fr\/index.php\/wp-json\/wp\/v2\/pages\/50\/revisions"}],"predecessor-version":[{"id":86,"href":"https:\/\/carpodromelespresdelabby.fr\/index.php\/wp-json\/wp\/v2\/pages\/50\/revisions\/86"}],"wp:attachment":[{"href":"https:\/\/carpodromelespresdelabby.fr\/index.php\/wp-json\/wp\/v2\/media?parent=50"}],"curies":[{"name":"wp","href":"https:\/\/api.w.org\/{rel}","templated":true}]}}